{"id":53,"date":"2014-03-21T08:10:45","date_gmt":"2014-03-21T08:10:45","guid":{"rendered":"http:\/\/froebelgaben.com\/?page_id=53"},"modified":"2014-06-21T15:59:41","modified_gmt":"2014-06-21T15:59:41","slug":"about-us","status":"publish","type":"page","link":"https:\/\/froebelgaben.com\/?page_id=53","title":{"rendered":"About Us"},"content":{"rendered":"<p>The <a href=\"http:\/\/froebel.gallery\">Froebel Gallery<\/a> of New York is proud to have been first in world to offer online sales of the play gifts designed by our ancestor Friedrich Fr\u00f6bel for the <a href=\"http:\/\/thefirstkindergarten.com\">first Kindergarten<\/a>.<\/p>\n<p><img loading=\"lazy\" class=\"alignnone size-full wp-image-75\" src=\"https:\/\/froebelgaben.com\/wp-content\/uploads\/2014\/03\/240156.jpg\" alt=\"240156\" width=\"580\" height=\"393\" srcset=\"https:\/\/froebelgaben.com\/wp-content\/uploads\/2014\/03\/240156.jpg 580w, https:\/\/froebelgaben.com\/wp-content\/uploads\/2014\/03\/240156-300x203.jpg 300w\" sizes=\"(max-width: 580px) 100vw, 580px\" \/><\/p>\n<p>Friedrich Fr\u00f6bel began production of <a title=\"Play Gifts\" href=\"https:\/\/froebelgaben.com\/\">Fr\u00f6belgaben<\/a> in May 1837 in this house in <a href=\"http:\/\/www.froebeldecade.com\/frobel-spur-bad-blankenburg\/\">Bad Blankenburg<\/a> in the Principality of Schwarzburg Rudolstadt. Master carpenter L\u00f6hn, assisted by artisans and women of the village made these play gifts for children under the personal supervision of Friedrich Fr\u00f6bel.<\/p>\n<p><img loading=\"lazy\" class=\"alignnone wp-image-74 size-full\" src=\"https:\/\/froebelgaben.com\/wp-content\/uploads\/2014\/03\/image3.jpg\" alt=\"image(3)\" width=\"209\" height=\"118\" \/><\/p>\n<p>In 1850 production was moved to the Erzgebirge region of the Kingdom of Saxony in a factory established for this purpose by S F Fischer.<\/p>\n<p>International acceptance and accolades recognised the importance in building block history of these play gifts designed by Friedrich Fr\u00f6bel.<\/p>\n<p>For over 175 years these designs and traditions have been preserved to provide the perfect play material for children around the world.<\/p>\n<p>The <a href=\"http:\/\/froebel.gallery\">Froebel Gallery<\/a> provides a comprehensive service to assist families and kindergartens to own play gifts, that meet your needs and your budget. Please email your requirements to gallery@froebel.org or call 518.449.1233<\/p>\n","protected":false},"excerpt":{"rendered":"<p>The Froebel Gallery of New York is proud to have been first in world to offer online sales of the play gifts designed by our ancestor Friedrich Fr\u00f6bel for the first Kindergarten. Friedrich Fr\u00f6bel began production of Fr\u00f6belgaben in May 1837 in this house in Bad Blankenburg in the Principality of Schwarzburg Rudolstadt. Master carpenter &hellip; <a href=\"https:\/\/froebelgaben.com\/?page_id=53\" class=\"more-link\">Continue reading <span class=\"screen-reader-text\">About Us<\/span> <span class=\"meta-nav\">&rarr;<\/span><\/a><\/p>\n","protected":false},"author":1,"featured_media":0,"parent":0,"menu_order":0,"comment_status":"closed","ping_status":"closed","template":"","meta":[],"_links":{"self":[{"href":"https:\/\/froebelgaben.com\/index.php?rest_route=\/wp\/v2\/pages\/53"}],"collection":[{"href":"https:\/\/froebelgaben.com\/index.php?rest_route=\/wp\/v2\/pages"}],"about":[{"href":"https:\/\/froebelgaben.com\/index.php?rest_route=\/wp\/v2\/types\/page"}],"author":[{"embeddable":true,"href":"https:\/\/froebelgaben.com\/index.php?rest_route=\/wp\/v2\/users\/1"}],"replies":[{"embeddable":true,"href":"https:\/\/froebelgaben.com\/index.php?rest_route=%2Fwp%2Fv2%2Fcomments&post=53"}],"version-history":[{"count":2,"href":"https:\/\/froebelgaben.com\/index.php?rest_route=\/wp\/v2\/pages\/53\/revisions"}],"predecessor-version":[{"id":130,"href":"https:\/\/froebelgaben.com\/index.php?rest_route=\/wp\/v2\/pages\/53\/revisions\/130"}],"wp:attachment":[{"href":"https:\/\/froebelgaben.com\/index.php?rest_route=%2Fwp%2Fv2%2Fmedia&parent=53"}],"curies":[{"name":"wp","href":"https:\/\/api.w.org\/{rel}","templated":true}]}}